{"id":61,"date":"2016-08-20T10:11:35","date_gmt":"2016-08-20T08:11:35","guid":{"rendered":"http:\/\/espaceressources.com\/?page_id=61"},"modified":"2020-05-24T14:53:28","modified_gmt":"2020-05-24T12:53:28","slug":"genosociogramme2","status":"publish","type":"page","link":"https:\/\/www.espaceressources.com\/accueil\/genosociogramme2\/","title":{"rendered":"G\u00e9nosociogramme"},"content":{"rendered":"<p class=\"paragraph_style_2\" style=\"text-align: justify;\"><span style=\"font-family: tahoma, arial, helvetica, sans-serif; font-size: 10pt;\"><img loading=\"lazy\" decoding=\"async\" class=\"alignnone size-full wp-image-64\" src=\"http:\/\/espaceressources.com\/wp-content\/uploads\/2016\/08\/droppedImage.png\" alt=\"droppedImage\" width=\"212\" height=\"218\" \/><br \/>\n<span style=\"font-size: 12pt;\"><img loading=\"lazy\" decoding=\"async\" class=\"size-full wp-image-65 alignright\" src=\"http:\/\/espaceressources.com\/wp-content\/uploads\/2016\/08\/shapeimage_1.png\" alt=\"shapeimage_1\" width=\"260\" height=\"195\" \/><\/span><\/span><\/p>\n<p class=\"paragraph_style_2\" style=\"text-align: justify;\"><span style=\"font-size: 12pt; font-family: tahoma, arial, helvetica, sans-serif;\">Trop souvent l\u2019utilisation du g\u00e9nosociogramme se r\u00e9duit \u00e0 une repr\u00e9sentation graphique de la famille, alors que c\u2019est une source d\u2019informations consid\u00e9rable.<\/span><\/p>\n<p class=\"paragraph_style_2\" style=\"text-align: justify;\"><span style=\"font-size: 12pt; font-family: tahoma, arial, helvetica, sans-serif;\">Apprendre \u00e0 le construire avec les familles, \u00e0 le lire, \u00e0 utiliser les informations, \u00e0 les chercher aussi. <\/span><\/p>\n<p class=\"paragraph_style_2\" style=\"text-align: justify;\"><span style=\"font-size: 12pt; font-family: tahoma, arial, helvetica, sans-serif;\">Oser questionner, se questionner, jouer pour agir. Rep\u00e9rer les jeux et les enjeux d\u2019une famille, le visible et l\u2019invisible, les loyaut\u00e9s et les interdits, les permissions aussi\u2026.<\/span><\/p>\n<p class=\"paragraph_style_2\" style=\"text-align: justify;\"><span style=\"font-size: 12pt; font-family: tahoma, arial, helvetica, sans-serif;\">Nous vous proposons d\u2019oser la rencontre, d\u2019oser chercher \u00e0 comprendre avant d\u2019agir, de d\u00e9couvrir ce qui est sous nos yeux.<\/span><\/p>\n<p class=\"paragraph_style_3\" style=\"text-align: justify;\"><span style=\"font-size: 12pt; font-family: tahoma, arial, helvetica, sans-serif;\">Ce travail en groupe, a pour but de re-d\u00e9couvrir \u00e0 la fois les faits et les traditions familiales, les \u00e9v\u00e9nements de vie, les r\u00e9p\u00e9titions pour en ressortir les richesses, les ressources d\u00e9velopp\u00e9es et transmises par notre famille.<\/span><\/p>\n<p class=\"paragraph_style_2\" style=\"text-align: justify;\"><span style=\"font-size: 12pt; font-family: tahoma, arial, helvetica, sans-serif;\">Ce processus vous invite \u00e0 oser r\u00e9fl\u00e9chir \u00e0 votre position dans l\u2019accompagnement d\u2019une famille, \u00e0 r\u00e9fl\u00e9chir sur les limites li\u00e9es \u00e0 nos repr\u00e9sentations.<\/span><\/p>\n<p class=\"paragraph_style_4\" style=\"text-align: justify;\"><span style=\"font-size: 12pt; font-family: tahoma, arial, helvetica, sans-serif;\">Les travailleurs sociaux, lors de leur formation, abordent souvent ce th\u00e8me. Nous souhaitons l\u2019approfondir afin de se mettre soi-m\u00eame en situation de d\u00e9couvertes, de cheminement.<\/span><\/p>\n<p class=\"paragraph_style_5\" style=\"text-align: justify;\"><span style=\"font-size: 12pt; font-family: tahoma, arial, helvetica, sans-serif;\">Nous visiterons les origines des noms, des dates, les r\u00e9p\u00e9titions, les nouveaut\u00e9s, les \u00e9v\u00e9nements connus pour faire appara\u00eetre ce qui ne l\u2019est pas, ce qui peut \u00eatre cach\u00e9, fantasm\u00e9 ou oubli\u00e9. Ce travail permet de rendre visible l\u2019invisible familial, de mettre en \u00e9vidence les mythes et de pouvoir augmenter son libre-arbitre tout en restant loyal aux anc\u00eatres. Il a pour but de cr\u00e9er ses propres outils.<\/span><\/p>\n<p class=\"paragraph_style_6\" style=\"text-align: justify;\"><span style=\"font-size: 12pt; font-family: tahoma, arial, helvetica, sans-serif;\">Informations sur demande<\/span><\/p>\n<p class=\"paragraph_style\"><span style=\"font-family: tahoma, arial, helvetica, sans-serif; font-size: 10pt;\"><a href=\"http:\/\/www.espaceressources.com\/construction-de-lidentite\/\">Construction de l\u2019identit\u00e9\u00a0 \u00a0 \u00a0 \u00a0 \u00a0<\/a> \u00a0 \u00a0 \u00a0 \u00a0 \u00a0 \u00a0 \u00a0 \u00a0 \u00a0 \u00a0 \u00a0 \u00a0 \u00a0 \u00a0 \u00a0 \u00a0 \u00a0<a href=\"http:\/\/espaceressources.com\/sensibilisation-a-lapproche-systemique\/\">Sensibilisation \u00e0 l\u2019approche syst\u00e9mique<\/a><\/span><\/p>\n<p class=\"paragraph_style\"><span style=\"font-family: tahoma, arial, helvetica, sans-serif; font-size: 10pt;\"><a href=\"http:\/\/espaceressources.com\/travailler-avec-les-familles\/\">Travail avec les familles<\/a>\u00a0 \u00a0 \u00a0 \u00a0 \u00a0 \u00a0 \u00a0 \u00a0 \u00a0 \u00a0 \u00a0 \u00a0 \u00a0 \u00a0 \u00a0 \u00a0 \u00a0 \u00a0 \u00a0 \u00a0 \u00a0 \u00a0 \u00a0<a href=\"http:\/\/espaceressources.com\/formation-action-communautaire\/\">Action communautaire<\/a><\/span><\/p>\n<p class=\"paragraph_style\"><span style=\"font-family: tahoma, arial, helvetica, sans-serif;\"><strong><span style=\"font-size: 10pt; color: #0d6bbd;\"><span style=\"color: #333399;\"> <a style=\"color: #333399;\" href=\"http:\/\/www.espaceressources.com\/jeux-dequilibres\/\">Jeux d&rsquo;\u00e9quilibres<\/a><\/span><\/span><\/strong><\/span><\/p>\n","protected":false},"excerpt":{"rendered":"<p>Trop souvent l\u2019utilisation du g\u00e9nosociogramme se r\u00e9duit \u00e0 une repr\u00e9sentation graphique de la famille, alors que c\u2019est une source d\u2019informations consid\u00e9rable. Apprendre \u00e0 le construire avec les familles, \u00e0 le lire, \u00e0 utiliser les informations, \u00e0 les chercher aussi. Oser questionner, se questionner, jouer pour agir. Rep\u00e9rer les jeux et les enjeux d\u2019une famille, le [&hellip;]<\/p>\n","protected":false},"author":1,"featured_media":0,"parent":0,"menu_order":0,"comment_status":"closed","ping_status":"closed","template":"","meta":{"footnotes":""},"class_list":["post-61","page","type-page","status-publish","hentry"],"_links":{"self":[{"href":"https:\/\/www.espaceressources.com\/accueil\/wp-json\/wp\/v2\/pages\/61","targetHints":{"allow":["GET"]}}],"collection":[{"href":"https:\/\/www.espaceressources.com\/accueil\/wp-json\/wp\/v2\/pages"}],"about":[{"href":"https:\/\/www.espaceressources.com\/accueil\/wp-json\/wp\/v2\/types\/page"}],"author":[{"embeddable":true,"href":"https:\/\/www.espaceressources.com\/accueil\/wp-json\/wp\/v2\/users\/1"}],"replies":[{"embeddable":true,"href":"https:\/\/www.espaceressources.com\/accueil\/wp-json\/wp\/v2\/comments?post=61"}],"version-history":[{"count":12,"href":"https:\/\/www.espaceressources.com\/accueil\/wp-json\/wp\/v2\/pages\/61\/revisions"}],"predecessor-version":[{"id":410,"href":"https:\/\/www.espaceressources.com\/accueil\/wp-json\/wp\/v2\/pages\/61\/revisions\/410"}],"wp:attachment":[{"href":"https:\/\/www.espaceressources.com\/accueil\/wp-json\/wp\/v2\/media?parent=61"}],"curies":[{"name":"wp","href":"https:\/\/api.w.org\/{rel}","templated":true}]}}