{"id":52,"date":"2016-08-20T10:08:15","date_gmt":"2016-08-20T08:08:15","guid":{"rendered":"http:\/\/espaceressources.com\/?page_id=52"},"modified":"2020-05-24T14:56:30","modified_gmt":"2020-05-24T12:56:30","slug":"travailler-avec-les-familles","status":"publish","type":"page","link":"https:\/\/www.espaceressources.com\/accueil\/travailler-avec-les-familles\/","title":{"rendered":"Travailler avec les familles"},"content":{"rendered":"<p style=\"text-align: right;\">\u00a0<\/p>\n<p style=\"text-align: left;\"><span style=\"font-family: tahoma, arial, helvetica, sans-serif;\"><strong>Travailler avec des enfants, <\/strong><\/span><span style=\"font-family: tahoma, arial, helvetica, sans-serif;\"><strong>c\u2019est composer avec leur famille<\/strong><\/span><\/p>\n<p style=\"text-align: left;\"><span style=\"font-family: tahoma, arial, helvetica, sans-serif;\"><strong><img loading=\"lazy\" decoding=\"async\" class=\"size-medium wp-image-306 alignright\" src=\"http:\/\/www.espaceressources.com\/wp-content\/uploads\/2020\/02\/IMG_2737-e1581682913351-225x300.jpeg\" alt=\"\" width=\"225\" height=\"300\" srcset=\"https:\/\/www.espaceressources.com\/wp-content\/uploads\/2020\/02\/IMG_2737-e1581682913351-225x300.jpeg 225w, https:\/\/www.espaceressources.com\/wp-content\/uploads\/2020\/02\/IMG_2737-e1581682913351-768x1024.jpeg 768w\" sizes=\"auto, (max-width: 225px) 100vw, 225px\" \/><\/strong><\/span><\/p>\n<p class=\"paragraphstyle2\"><span style=\"font-family: tahoma, arial, helvetica, sans-serif;\">Aider un enfant \u00e0 grandir \u2013 que ce soit en milieu socio-\u00e9ducatif, scolaire, socio-culturel, familial \u2013 n\u00e9cessite de travailler avec la famille.<\/span><\/p>\n<p class=\"paragraphstyle2\"><span style=\"font-family: tahoma, arial, helvetica, sans-serif;\">Nous vous invitons \u00e0 r\u00e9fl\u00e9chir pour d\u00e9velopper un positionnement dynamique dans cet accompagnement afin de co-construire un projet commun. \u00a0 \u00a0 \u00a0 \u00a0 \u00a0 \u00a0 \u00a0 \u00a0 \u00a0 \u00a0 \u00a0 \u00a0 \u00a0 \u00a0 \u00a0 \u00a0 \u00a0 \u00a0 \u00a0 \u00a0 \u00a0 \u00a0 \u00a0 \u00a0 \u00a0 \u00a0 \u00a0 \u00a0 \u00a0 \u00a0 \u00a0 \u00a0 \u00a0 <strong><i>\u00a0 \u00a0 \u00a0 \u00a0 \u00a0 \u00a0 \u00a0 \u00a0 \u00a0 \u00a0 \u00a0 \u00a0 \u00a0<\/i><\/strong><\/span><\/p>\n<p class=\"paragraphstyle2\"><span style=\"font-family: tahoma, arial, helvetica, sans-serif;\"><span lang=\"FR\">Un temps n\u00e9cessaire pour cr\u00e9er un changement <\/span><span lang=\"FR\">profitable \u00e0 tous.<\/span><strong>\u00a0<\/strong><\/span><\/p>\n<p><span style=\"font-family: tahoma, arial, helvetica, sans-serif;\"><strong>Dates\u00a0:\u00a0\u00a0\u00a0\u00a0\u00a0\u00a0\u00a0\u00a0\u00a0\u00a0 <\/strong>\u00a0 \u00a0 \u00a0 \u00a0 \u00a0 \u00a0\u00e0 venir<\/span><\/p>\n<p><span style=\"font-family: tahoma, arial, helvetica, sans-serif;\"><strong>Horaire\u00a0: \u00a0\u00a0\u00a0\u00a0\u00a0\u00a0\u00a0\u00a0\u00a0\u00a0\u00a0\u00a0\u00a0\u00a0\u00a0\u00a0\u00a0 13 h 30 \u00e0 17 h 30<\/strong><\/span><\/p>\n<p><span style=\"font-family: tahoma, arial, helvetica, sans-serif;\"><strong>Lieu\u00a0:\u00a0\u00a0\u00a0\u00a0\u00a0\u00a0\u00a0\u00a0\u00a0\u00a0\u00a0\u00a0\u00a0\u00a0\u00a0\u00a0\u00a0\u00a0\u00a0\u00a0\u00a0\u00a0\u00a0\u00a0 pr\u00e8s de Lausanne<\/strong><\/span><\/p>\n<p><span style=\"font-family: tahoma, arial, helvetica, sans-serif;\"><strong>Co\u00fbt\u00a0:\u00a0\u00a0\u00a0\u00a0\u00a0\u00a0\u00a0\u00a0\u00a0\u00a0\u00a0\u00a0\u00a0\u00a0\u00a0\u00a0\u00a0\u00a0\u00a0\u00a0\u00a0\u00a0\u00a0 Fr. 400.\u2014<\/strong><\/span><\/p>\n<p><span style=\"font-family: tahoma, arial, helvetica, sans-serif;\"><strong>Participants\u00a0: \u00a0 \u00a0 \u00a0 \u00a0 professionnels en liens avec des enfants et\/ou des familles<\/strong><\/span><\/p>\n<p style=\"text-align: left;\"><span style=\"font-family: tahoma, arial, helvetica, sans-serif;\"><strong>Intervenante\u00a0:\u00a0\u00a0\u00a0\u00a0 \u00a0\u00a0<a href=\"http:\/\/www.espaceressources.com\/sylviane-pfistner\/\"> Sylviane Pfistner<\/a><\/strong><a href=\"_wp_link_placeholder\">\u00a0<\/a><\/span><\/p>\n<p><span style=\"font-family: tahoma, arial, helvetica, sans-serif;\">Inscription \u00a0 \u00a0 \u00a0 \u00a0 \u00a0 \u00a0 \u00a0 \u00a0par mail \u00e0 <a href=\"mailto:info@espaceressources.com\">info@espaceressources.com<\/a><\/span><\/p>\n<p><span style=\"font-family: tahoma, arial, helvetica, sans-serif;\">Attestation de participation<strong>\u00a0\u00a0\u00a0\u00a0\u00a0\u00a0\u00a0\u00a0\u00a0\u00a0\u00a0\u00a0\u00a0\u00a0\u00a0\u00a0\u00a0\u00a0\u00a0\u00a0\u00a0\u00a0 \u00a0\u00a0\u00a0\u00a0 <\/strong><\/span><\/p>\n<p class=\"paragraph_style_2\"><span style=\"font-family: tahoma, arial, helvetica, sans-serif;\"><strong><span style=\"font-size: 10pt; color: #0d6bbd;\"><span style=\"color: #333399;\"> <a style=\"color: #333399;\" href=\"http:\/\/www.espaceressources.com\/jeux-dequilibres\/\">Jeux d&rsquo;\u00e9quilibres<\/a><\/span><\/span><\/strong><\/span><\/p>\n\n\n<p><\/p>\n","protected":false},"excerpt":{"rendered":"<p>\u00a0 Travailler avec des enfants, c\u2019est composer avec leur famille Aider un enfant \u00e0 grandir \u2013 que ce soit en milieu socio-\u00e9ducatif, scolaire, socio-culturel, familial \u2013 n\u00e9cessite de travailler avec la famille. Nous vous invitons \u00e0 r\u00e9fl\u00e9chir pour d\u00e9velopper un positionnement dynamique dans cet accompagnement afin de co-construire un projet commun. \u00a0 \u00a0 \u00a0 \u00a0 [&hellip;]<\/p>\n","protected":false},"author":1,"featured_media":0,"parent":0,"menu_order":0,"comment_status":"closed","ping_status":"closed","template":"","meta":{"footnotes":""},"class_list":["post-52","page","type-page","status-publish","hentry"],"_links":{"self":[{"href":"https:\/\/www.espaceressources.com\/accueil\/wp-json\/wp\/v2\/pages\/52","targetHints":{"allow":["GET"]}}],"collection":[{"href":"https:\/\/www.espaceressources.com\/accueil\/wp-json\/wp\/v2\/pages"}],"about":[{"href":"https:\/\/www.espaceressources.com\/accueil\/wp-json\/wp\/v2\/types\/page"}],"author":[{"embeddable":true,"href":"https:\/\/www.espaceressources.com\/accueil\/wp-json\/wp\/v2\/users\/1"}],"replies":[{"embeddable":true,"href":"https:\/\/www.espaceressources.com\/accueil\/wp-json\/wp\/v2\/comments?post=52"}],"version-history":[{"count":15,"href":"https:\/\/www.espaceressources.com\/accueil\/wp-json\/wp\/v2\/pages\/52\/revisions"}],"predecessor-version":[{"id":415,"href":"https:\/\/www.espaceressources.com\/accueil\/wp-json\/wp\/v2\/pages\/52\/revisions\/415"}],"wp:attachment":[{"href":"https:\/\/www.espaceressources.com\/accueil\/wp-json\/wp\/v2\/media?parent=52"}],"curies":[{"name":"wp","href":"https:\/\/api.w.org\/{rel}","templated":true}]}}