{"id":43,"date":"2016-08-20T10:05:39","date_gmt":"2016-08-20T08:05:39","guid":{"rendered":"http:\/\/espaceressources.com\/?page_id=43"},"modified":"2020-05-24T14:54:58","modified_gmt":"2020-05-24T12:54:58","slug":"sensibilisation-a-lapproche-systemique","status":"publish","type":"page","link":"https:\/\/www.espaceressources.com\/accueil\/sensibilisation-a-lapproche-systemique\/","title":{"rendered":"Sensibilisation \u00e0 l&rsquo;approche syst\u00e9mique"},"content":{"rendered":"<p class=\"paragraph_style\" style=\"text-align: justify;\"><span style=\"font-size: 12pt; font-family: tahoma, arial, helvetica, sans-serif;\">Plus que jamais, nous devons observer les choses avant d\u2019agir. Pour autant, nous devons porter un soin particulier \u00e0 comprendre pour \u00e9viter de r\u00e9-agir<\/span><\/p>\n<p class=\"paragraph_style_1\" style=\"text-align: center;\"><span style=\"font-family: tahoma, arial, helvetica, sans-serif; font-size: 12pt;\"><strong>un regard diff\u00e9rent, une cl\u00e9 de compr\u00e9hension pour la vie quotidienne<\/strong><\/span><\/p>\n<p class=\"paragraph_style_1\" style=\"text-align: justify;\"><span style=\"font-family: tahoma, arial, helvetica, sans-serif; font-size: 12pt;\">Au programme, quelques concepts de base\u00a0:\u00a0co-construction, co-responsabilit\u00e9, contexte, environnement, loyaut\u00e9s, communication, neutralit\u00e9, alliance, coalition, d\u00e9fis, \u2026 et plein d\u2019autres.<\/span><\/p>\n<p><span style=\"font-family: tahoma, arial, helvetica, sans-serif; font-size: 12pt;\">Dates : automne 2020 !<\/span><\/p>\n","protected":false},"excerpt":{"rendered":"<p>Plus que jamais, nous devons observer les choses avant d\u2019agir. Pour autant, nous devons porter un soin particulier \u00e0 comprendre pour \u00e9viter de r\u00e9-agir un regard diff\u00e9rent, une cl\u00e9 de compr\u00e9hension pour la vie quotidienne Au programme, quelques concepts de base\u00a0:\u00a0co-construction, co-responsabilit\u00e9, contexte, environnement, loyaut\u00e9s, communication, neutralit\u00e9, alliance, coalition, d\u00e9fis, \u2026 et plein d\u2019autres. Dates [&hellip;]<\/p>\n","protected":false},"author":1,"featured_media":0,"parent":0,"menu_order":0,"comment_status":"closed","ping_status":"closed","template":"","meta":{"footnotes":""},"class_list":["post-43","page","type-page","status-publish","hentry"],"_links":{"self":[{"href":"https:\/\/www.espaceressources.com\/accueil\/wp-json\/wp\/v2\/pages\/43","targetHints":{"allow":["GET"]}}],"collection":[{"href":"https:\/\/www.espaceressources.com\/accueil\/wp-json\/wp\/v2\/pages"}],"about":[{"href":"https:\/\/www.espaceressources.com\/accueil\/wp-json\/wp\/v2\/types\/page"}],"author":[{"embeddable":true,"href":"https:\/\/www.espaceressources.com\/accueil\/wp-json\/wp\/v2\/users\/1"}],"replies":[{"embeddable":true,"href":"https:\/\/www.espaceressources.com\/accueil\/wp-json\/wp\/v2\/comments?post=43"}],"version-history":[{"count":10,"href":"https:\/\/www.espaceressources.com\/accueil\/wp-json\/wp\/v2\/pages\/43\/revisions"}],"predecessor-version":[{"id":413,"href":"https:\/\/www.espaceressources.com\/accueil\/wp-json\/wp\/v2\/pages\/43\/revisions\/413"}],"wp:attachment":[{"href":"https:\/\/www.espaceressources.com\/accueil\/wp-json\/wp\/v2\/media?parent=43"}],"curies":[{"name":"wp","href":"https:\/\/api.w.org\/{rel}","templated":true}]}}