{"id":429,"date":"2020-05-24T15:10:58","date_gmt":"2020-05-24T13:10:58","guid":{"rendered":"http:\/\/www.espaceressources.com\/?page_id=429"},"modified":"2021-04-07T17:13:04","modified_gmt":"2021-04-07T15:13:04","slug":"blog","status":"publish","type":"page","link":"https:\/\/www.espaceressources.com\/accueil\/blog\/","title":{"rendered":"Publication"},"content":{"rendered":"\n<h3><img loading=\"lazy\" decoding=\"async\" class=\"alignnone size-thumbnail wp-image-193\" src=\"http:\/\/www.espaceressources.com\/wp-content\/uploads\/2017\/09\/21271329_1590783830974409_7444285968547747507_n-150x150.jpg\" alt=\"\" width=\"150\" height=\"150\" \/>\u00a0 \u00a0 \u00a0 \u00a0 \u00a0 \u00a0 \u00a0\u00a0<strong>Un pas\u00a0<\/strong><span style=\"font-weight: 600;\">apr\u00e8s l&rsquo;autre<\/span><\/h3>\n<p>\u00a0<\/p>\n\n\n\n<p><strong>Nouveau : Lorsque la maladie d&rsquo;un enfant frappe une famille.<\/strong><\/p>\n\n\n\n<p><strong>Une publication pour mettre en lumi\u00e8re les comp\u00e9tences familiales, soutenir les familles et promouvoir l&rsquo;entraide.<\/strong><\/p>\n\n\n\n<p>Gr\u00e2ce \u00e0 la g\u00e9n\u00e9rosit\u00e9 des \u00e9ditions <a href=\"https:\/\/editionslep.ch\/\">Loisirs et P\u00e9dagogie,<\/a> la vente du livre est int\u00e9gralement au b\u00e9n\u00e9fice de l&rsquo;<a href=\"http:\/\/www.arfec.ch\" data-type=\"URL\" data-id=\"www.arfec.ch\">ARFEC<\/a>.<\/p>\n\n\n\n<p>Article de presse dans&nbsp;<a href=\"http:\/\/www.espaceressources.com\/wp-content\/uploads\/2016\/08\/le-temps.pdf\">le temps<\/a><\/p>\n\n\n\n<p>pour le commander : info@espaceressources.com au prix de CHF 18.&#8211;<\/p>\n","protected":false},"excerpt":{"rendered":"<p>Nouveau : Lorsque la maladie d&rsquo;un enfant frappe une famille. Une publication pour mettre en lumi\u00e8re les comp\u00e9tences familiales, soutenir les familles et promouvoir l&rsquo;entraide. Gr\u00e2ce \u00e0 la g\u00e9n\u00e9rosit\u00e9 des \u00e9ditions Loisirs et P\u00e9dagogie, la vente du livre est int\u00e9gralement au b\u00e9n\u00e9fice de l&rsquo;ARFEC. Article de presse dans&nbsp;le temps pour le commander : info@espaceressources.com au [&hellip;]<\/p>\n","protected":false},"author":1,"featured_media":193,"parent":0,"menu_order":0,"comment_status":"closed","ping_status":"closed","template":"","meta":{"footnotes":""},"class_list":["post-429","page","type-page","status-publish","has-post-thumbnail","hentry"],"_links":{"self":[{"href":"https:\/\/www.espaceressources.com\/accueil\/wp-json\/wp\/v2\/pages\/429","targetHints":{"allow":["GET"]}}],"collection":[{"href":"https:\/\/www.espaceressources.com\/accueil\/wp-json\/wp\/v2\/pages"}],"about":[{"href":"https:\/\/www.espaceressources.com\/accueil\/wp-json\/wp\/v2\/types\/page"}],"author":[{"embeddable":true,"href":"https:\/\/www.espaceressources.com\/accueil\/wp-json\/wp\/v2\/users\/1"}],"replies":[{"embeddable":true,"href":"https:\/\/www.espaceressources.com\/accueil\/wp-json\/wp\/v2\/comments?post=429"}],"version-history":[{"count":10,"href":"https:\/\/www.espaceressources.com\/accueil\/wp-json\/wp\/v2\/pages\/429\/revisions"}],"predecessor-version":[{"id":787,"href":"https:\/\/www.espaceressources.com\/accueil\/wp-json\/wp\/v2\/pages\/429\/revisions\/787"}],"wp:featuredmedia":[{"embeddable":true,"href":"https:\/\/www.espaceressources.com\/accueil\/wp-json\/wp\/v2\/media\/193"}],"wp:attachment":[{"href":"https:\/\/www.espaceressources.com\/accueil\/wp-json\/wp\/v2\/media?parent=429"}],"curies":[{"name":"wp","href":"https:\/\/api.w.org\/{rel}","templated":true}]}}