{"id":347,"date":"2020-04-14T16:42:02","date_gmt":"2020-04-14T14:42:02","guid":{"rendered":"http:\/\/www.espaceressources.com\/?page_id=347"},"modified":"2021-01-15T14:07:50","modified_gmt":"2021-01-15T13:07:50","slug":"jeux-dequilibre","status":"publish","type":"page","link":"https:\/\/www.espaceressources.com\/accueil\/jeux-dequilibre\/","title":{"rendered":"Jeux d&rsquo;\u00e9quilibre"},"content":{"rendered":"\n<p><strong>Lorsque les probl\u00e8mes de sant\u00e9 frappent \u00e0 la porte <\/strong><strong>de la cr\u00e8che ou de l\u2019\u00e9cole<\/strong><\/p>\n\n\n\n<p>Au fil des jours, des questions se posent pour trouver un \u00e9quilibre entre les exigences, les activit\u00e9s propos\u00e9es et les capacit\u00e9s de l\u2019enfant, sa disponibilit\u00e9 \u00e0 apprendre. Ou encore entre les besoins du groupe et ceux de cet enfant.<\/p>\n\n\n\n<p>Personne n\u2019est pr\u00e9par\u00e9 \u00e0 accueillir un enfant atteint dans sa sant\u00e9. Cela provoque des peurs, des tensions, des doutes, parfois m\u00eame des rejets, souvent des incompr\u00e9hensions.<\/p>\n\n\n\n<p>comment parler avec les parents&nbsp;?<\/p>\n\n\n\n<div class=\"wp-block-group is-layout-flow wp-block-group-is-layout-flow\"><div class=\"wp-block-group__inner-container\"><\/div><\/div>\n\n\n\n<p>de quoi a-t-il besoin&nbsp;?<\/p>\n\n\n\n<p>que mettre en place&nbsp;?<\/p>\n\n\n\n<p>comment parler aux autres \u00e9l\u00e8ves&nbsp;?\u2026.<\/p>\n\n\n\n<p>Nous vous proposons deux types d&rsquo;interventions :<\/p>\n\n\n\n<ul class=\"wp-block-list\"><li><strong>une formation<\/strong>\u00a0pour des professionnels pour offrir un temps de r\u00e9flexion, prendre du recul, d\u00e9couvrir des strat\u00e9gies qui permettent de vivre le quotidien en tenant compte des sp\u00e9cificit\u00e9s<\/li><li><strong>une intervention<\/strong> aupr\u00e8s de votre \u00e9quipe pour accompagner la cr\u00e9ativit\u00e9 n\u00e9cessaire\u00a0<\/li><\/ul>\n\n\n\n<div class=\"wp-block-image\"><figure class=\"aligncenter size-medium\"><img loading=\"lazy\" decoding=\"async\" width=\"225\" height=\"300\" src=\"http:\/\/www.espaceressources.com\/wp-content\/uploads\/2017\/02\/IMG_2854-225x300.jpg\" alt=\"\" class=\"wp-image-172\" srcset=\"https:\/\/www.espaceressources.com\/wp-content\/uploads\/2017\/02\/IMG_2854-225x300.jpg 225w, https:\/\/www.espaceressources.com\/wp-content\/uploads\/2017\/02\/IMG_2854-768x1024.jpg 768w, https:\/\/www.espaceressources.com\/wp-content\/uploads\/2017\/02\/IMG_2854.jpg 1200w\" sizes=\"auto, (max-width: 225px) 100vw, 225px\" \/><\/figure><\/div>\n\n\n\n<p><\/p>\n","protected":false},"excerpt":{"rendered":"<p>Lorsque les probl\u00e8mes de sant\u00e9 frappent \u00e0 la porte de la cr\u00e8che ou de l\u2019\u00e9cole Au fil des jours, des questions se posent pour trouver un \u00e9quilibre entre les exigences, les activit\u00e9s propos\u00e9es et les capacit\u00e9s de l\u2019enfant, sa disponibilit\u00e9 \u00e0 apprendre. Ou encore entre les besoins du groupe et ceux de cet enfant. Personne [&hellip;]<\/p>\n","protected":false},"author":1,"featured_media":172,"parent":0,"menu_order":0,"comment_status":"closed","ping_status":"closed","template":"","meta":{"footnotes":""},"class_list":["post-347","page","type-page","status-publish","has-post-thumbnail","hentry"],"_links":{"self":[{"href":"https:\/\/www.espaceressources.com\/accueil\/wp-json\/wp\/v2\/pages\/347","targetHints":{"allow":["GET"]}}],"collection":[{"href":"https:\/\/www.espaceressources.com\/accueil\/wp-json\/wp\/v2\/pages"}],"about":[{"href":"https:\/\/www.espaceressources.com\/accueil\/wp-json\/wp\/v2\/types\/page"}],"author":[{"embeddable":true,"href":"https:\/\/www.espaceressources.com\/accueil\/wp-json\/wp\/v2\/users\/1"}],"replies":[{"embeddable":true,"href":"https:\/\/www.espaceressources.com\/accueil\/wp-json\/wp\/v2\/comments?post=347"}],"version-history":[{"count":4,"href":"https:\/\/www.espaceressources.com\/accueil\/wp-json\/wp\/v2\/pages\/347\/revisions"}],"predecessor-version":[{"id":562,"href":"https:\/\/www.espaceressources.com\/accueil\/wp-json\/wp\/v2\/pages\/347\/revisions\/562"}],"wp:featuredmedia":[{"embeddable":true,"href":"https:\/\/www.espaceressources.com\/accueil\/wp-json\/wp\/v2\/media\/172"}],"wp:attachment":[{"href":"https:\/\/www.espaceressources.com\/accueil\/wp-json\/wp\/v2\/media?parent=347"}],"curies":[{"name":"wp","href":"https:\/\/api.w.org\/{rel}","templated":true}]}}