{"id":22,"date":"2016-08-20T08:57:52","date_gmt":"2016-08-20T06:57:52","guid":{"rendered":"http:\/\/espaceressources.com\/?page_id=22"},"modified":"2024-03-28T15:18:55","modified_gmt":"2024-03-28T14:18:55","slug":"sylviane-pfistner","status":"publish","type":"page","link":"https:\/\/www.espaceressources.com\/accueil\/sylviane-pfistner\/","title":{"rendered":"Sylviane Pfistner"},"content":{"rendered":"\n<p style=\"text-align: right;\"><em>Le mot <strong>progr\u00e8s<\/strong> n&rsquo;aura aucun sens tant qu&rsquo;il y aura des&nbsp;<\/em><i>enfants malheureux.<\/i><\/p>\n<p style=\"text-align: right;\"><em>Albert Einstein&nbsp;<\/em><\/p>\n\n\n\n<div class=\"wp-block-columns is-layout-flex wp-container-core-columns-is-layout-9d6595d7 wp-block-columns-is-layout-flex\">\n<div class=\"wp-block-column is-layout-flow wp-block-column-is-layout-flow\" style=\"flex-basis:100%\">\n<div class=\"wp-block-columns is-layout-flex wp-container-core-columns-is-layout-9d6595d7 wp-block-columns-is-layout-flex\">\n<div class=\"wp-block-column is-layout-flow wp-block-column-is-layout-flow\" style=\"flex-basis:100%\">\n<p>&nbsp;<\/p>\n<table style=\"border-collapse: collapse; width: 100%;\">\n<tbody>\n<tr>\n<td style=\"width: 59.52380952380953%;\">\n<div>\n<p><strong>activit\u00e9s professionnelles :<\/strong><\/p>\n<ul>\n<li><strong style=\"font-size: inherit;\">intervenante<\/strong><span style=\"font-size: inherit;\"> sp\u00e9cialis\u00e9e \u00a0en approche syst\u00e9mique dans le domaine milieu socio-\u00e9ducatif et associatif<\/span><\/li>\n<li><strong style=\"font-size: inherit;\">consultante<\/strong><span style=\"font-size: inherit;\"> pour accompagner des projets de soutien aux familles<\/span><\/li>\n<li><strong style=\"font-size: inherit;\">animatrice\u00a0<\/strong><span style=\"font-size: inherit;\">d\u2019ateliers et de conf\u00e9rences sur les \u00a0 th\u00e9matiques des relations humaines et de l\u2019\u00e9ducation sociale<\/span><\/li>\n<li><strong style=\"font-size: inherit;\">superviseure<\/strong><span style=\"font-size: inherit;\">\u00a0d&rsquo;\u00e9quipe dans le domaine de l\u2019action sociale et \u00e9ducative<\/span><\/li>\n<\/ul>\n<\/div>\n<\/td>\n<td style=\"width: 40.47619047619047%;\">\n<p><img loading=\"lazy\" decoding=\"async\" class=\"wp-image-760 aligncenter\" src=\"http:\/\/www.espaceressources.com\/wp-content\/uploads\/2021\/04\/SP-281x300.jpg\" alt=\"\" width=\"116\" height=\"124\" srcset=\"https:\/\/www.espaceressources.com\/wp-content\/uploads\/2021\/04\/SP-281x300.jpg 281w, https:\/\/www.espaceressources.com\/wp-content\/uploads\/2021\/04\/SP-960x1024.jpg 960w, https:\/\/www.espaceressources.com\/wp-content\/uploads\/2021\/04\/SP-768x819.jpg 768w, https:\/\/www.espaceressources.com\/wp-content\/uploads\/2021\/04\/SP-1440x1536.jpg 1440w, https:\/\/www.espaceressources.com\/wp-content\/uploads\/2021\/04\/SP-1921x2048.jpg 1921w, https:\/\/www.espaceressources.com\/wp-content\/uploads\/2021\/04\/SP.jpg 2019w\" sizes=\"auto, (max-width: 116px) 100vw, 116px\" \/><\/p>\n<\/td>\n<\/tr>\n<\/tbody>\n<\/table>\n<table style=\"border-collapse: collapse; width: 100%; height: 10px;\">\n<tbody>\n<tr style=\"height: 259px;\">\n<td style=\"width: 59.642857142857146%; height: 10px;\">\n<p><strong>Actions particuli\u00e8res \u00a0: \u00a0 \u00a0 \u00a0 \u00a0 \u00a0 \u00a0 \u00a0 \u00a0 \u00a0 \u00a0 \u00a0<\/strong><\/p>\n<ul>\n<li><strong style=\"font-size: inherit;\">cr\u00e9atrice<\/strong><span style=\"font-size: inherit;\"> de la prestation <\/span><a style=\"font-size: inherit;\" href=\"https:\/\/www.rdv-des-parents.ch\/\"><strong><em>Jardin des Parents<\/em><\/strong>,\u00a0<\/a><span style=\"font-size: inherit;\">\u00a0 prestation de pr\u00e9vention primaire \u00abSoutien \u00e0 la parentalit\u00e9\u00bb du Service de protection de la jeunesse &#8211; Unit\u00e9 de pilotage de la pr\u00e9vention Vaud &#8211; 2009 \u00e0 2015<\/span><\/li>\n<li>membre du groupe de pilotage de la\u00a0campagne de pr\u00e9vention <strong>\u00ab\u00a0L&rsquo;\u00e9ducation, c&rsquo;est l&rsquo;affaire de tous\u00a0\u00bb<\/strong> \u00a0&#8211; Lausanne &#8211; 2002 \u00e0 2004\u00a0<\/li>\n<li>membre du groupe de pilotage et coordination des actions de la campagne <strong>\u00ab\u00a0Attitude Respect\u00a0\u00bb<\/strong> &#8211; Ouest lausannois &#8211; 2008<\/li>\n<li>responsable du programme <strong>\u00ab\u00a0D\u00e9jouer la violence\u00a0\u00bb<\/strong>\u00a0&#8211; fondation Profa 2000 &#8211; 2004<\/li>\n<\/ul>\n<table style=\"border-collapse: collapse; width: 0%;\">\n<tbody>\n<tr>\n<td style=\"width: 50%;\">\u00a0<\/td>\n<td style=\"width: 50%;\">\u00a0<\/td>\n<\/tr>\n<\/tbody>\n<\/table>\n<\/td>\n<td style=\"width: 40.357142857142854%; height: 10px;\">\n<p><strong>parcours associatif :<\/strong><\/p>\n<ul>\n<li>Depuis 2021, membre du comit\u00e9 du <a href=\"http:\/\/www.revedejukien.org\" target=\"_blank\" rel=\"noopener\">R\u00eave de Julien<\/a><\/li>\n<li>2023, charg\u00e9e projet pour <a href=\"http:\/\/www.fpem.ch\" target=\"_blank\" rel=\"noopener\">FPEM<\/a><\/li>\n<li>2014- 2024, membre du comit\u00e9 <a href=\"http:\/\/www.association-intervalle.ch\">Association Intervalle\u00a0<\/a><\/li>\n<li>pr\u00e9sidente <a href=\"http:\/\/www.arfec.ch\">ARFEC<\/a> de 2015 \u00e0 2019 (comit\u00e9 de 2013 &#8211; 2019)<\/li>\n<li>membre comit\u00e9 AVEC (B\u00e9n\u00e9volat Vaud) 2004 &#8211; 2008<\/li>\n<li><span style=\"font-size: inherit; font-family: inherit;\">auteure du livre \u00ab\u00a0<\/span><a style=\"font-size: inherit; font-family: inherit;\" href=\"http:\/\/www.espaceressources.com\/blog\/\">un pas apr\u00e8s l&rsquo;autre<\/a><span style=\"font-size: inherit; font-family: inherit;\">\u00a0\u00bb 2017<\/span><\/li>\n<\/ul>\n<\/td>\n<\/tr>\n<\/tbody>\n<\/table>\n\n\n\n<div class=\"wp-block-columns is-layout-flex wp-container-core-columns-is-layout-9d6595d7 wp-block-columns-is-layout-flex\">\n<div class=\"wp-block-column is-layout-flow wp-block-column-is-layout-flow\"><\/div>\n\n\n\n<div class=\"wp-block-column is-layout-flow wp-block-column-is-layout-flow\"><\/div>\n<\/div>\n<\/div>\n<\/div>\n<\/div>\n<\/div>\n","protected":false},"excerpt":{"rendered":"<p>&nbsp; activit\u00e9s professionnelles : intervenante sp\u00e9cialis\u00e9e \u00a0en approche syst\u00e9mique dans le domaine milieu socio-\u00e9ducatif et associatif consultante pour accompagner des projets de soutien aux familles animatrice\u00a0d\u2019ateliers et de conf\u00e9rences sur les \u00a0 th\u00e9matiques des relations humaines et de l\u2019\u00e9ducation sociale superviseure\u00a0d&rsquo;\u00e9quipe dans le domaine de l\u2019action sociale et \u00e9ducative Actions particuli\u00e8res \u00a0: \u00a0 \u00a0 \u00a0 [&hellip;]<\/p>\n","protected":false},"author":1,"featured_media":0,"parent":0,"menu_order":0,"comment_status":"closed","ping_status":"closed","template":"","meta":{"footnotes":""},"class_list":["post-22","page","type-page","status-publish","hentry"],"_links":{"self":[{"href":"https:\/\/www.espaceressources.com\/accueil\/wp-json\/wp\/v2\/pages\/22","targetHints":{"allow":["GET"]}}],"collection":[{"href":"https:\/\/www.espaceressources.com\/accueil\/wp-json\/wp\/v2\/pages"}],"about":[{"href":"https:\/\/www.espaceressources.com\/accueil\/wp-json\/wp\/v2\/types\/page"}],"author":[{"embeddable":true,"href":"https:\/\/www.espaceressources.com\/accueil\/wp-json\/wp\/v2\/users\/1"}],"replies":[{"embeddable":true,"href":"https:\/\/www.espaceressources.com\/accueil\/wp-json\/wp\/v2\/comments?post=22"}],"version-history":[{"count":42,"href":"https:\/\/www.espaceressources.com\/accueil\/wp-json\/wp\/v2\/pages\/22\/revisions"}],"predecessor-version":[{"id":1039,"href":"https:\/\/www.espaceressources.com\/accueil\/wp-json\/wp\/v2\/pages\/22\/revisions\/1039"}],"wp:attachment":[{"href":"https:\/\/www.espaceressources.com\/accueil\/wp-json\/wp\/v2\/media?parent=22"}],"curies":[{"name":"wp","href":"https:\/\/api.w.org\/{rel}","templated":true}]}}