{"id":18,"date":"2016-08-20T08:58:04","date_gmt":"2016-08-20T06:58:04","guid":{"rendered":"http:\/\/espaceressources.com\/?page_id=18"},"modified":"2021-01-15T13:59:27","modified_gmt":"2021-01-15T12:59:27","slug":"formations2","status":"publish","type":"page","link":"https:\/\/www.espaceressources.com\/accueil\/formations2\/","title":{"rendered":"Formations"},"content":{"rendered":"<p class=\"paragraph_style\"><span style=\"font-family: tahoma, arial, helvetica, sans-serif; color: #2f5499;\"><strong><img loading=\"lazy\" decoding=\"async\" class=\"wp-image-20 alignright\" src=\"http:\/\/espaceressources.com\/wp-content\/uploads\/2016\/08\/Sans-titre-300x204.jpg\" alt=\"Sans titre\" width=\"315\" height=\"214\" srcset=\"https:\/\/www.espaceressources.com\/wp-content\/uploads\/2016\/08\/Sans-titre-300x204.jpg 300w, https:\/\/www.espaceressources.com\/wp-content\/uploads\/2016\/08\/Sans-titre-768x523.jpg 768w, https:\/\/www.espaceressources.com\/wp-content\/uploads\/2016\/08\/Sans-titre.jpg 864w\" sizes=\"auto, (max-width: 315px) 100vw, 315px\" \/><\/strong><\/span><span style=\"font-size: 12pt; font-family: tahoma, arial, helvetica, sans-serif;\">Nous vous proposons des cycles de rencontres qui permettent de reprendre du souffle, de v\u00e9rifier la<span style=\"color: #000000;\"> pertinence, <\/span>de prendre le temps de penser, de faire des exp\u00e9rimentations avec des outils concrets.<\/span><\/p>\n<ul>\n<li style=\"list-style-type: none;\">\n<ul>\n<li><span style=\"font-size: 12pt; font-family: tahoma, arial, helvetica, sans-serif;\">Accompagner des familles, aider des enfants \u00e0 grandir, oser choisir des axes d\u2019interventions, travailler en \u00e9quipe\u2026.<\/span><\/li>\n<\/ul>\n<\/li>\n<\/ul>\n<ul>\n<li style=\"list-style-type: none;\">\n<ul>\n<li class=\"paragraph_style\"><span style=\"font-size: 12pt; font-family: tahoma, arial, helvetica, sans-serif;\">Rechercher l\u2019\u00e9quilibre,\u00a0 permettre le mouvement et le changement, rester ouvert, dynamique, cr\u00e9atif, de vrais d\u00e9fis quotidiens qui trouvent leurs ressources dans le positionnement professionnel et dans l\u2019assurance int\u00e9rieure comme dans celle de l\u2019\u00e9quipe.<\/span><\/li>\n<\/ul>\n<\/li>\n<\/ul>\n<p><span style=\"font-size: 12pt; font-family: tahoma, arial, helvetica, sans-serif;\">Ces formations sont ouvertes \u00e0 tout intervenant psycho-socio-\u00e9ducatif. Elles s\u2019adressent \u00e9galement \u00e0 des \u00e9quipes, ou des institutions, qui souhaiteraient les organiser dans leurs locaux.<\/span><\/p>\n<p><strong><span style=\"font-family: tahoma, arial, helvetica, sans-serif;\">Agenda bient\u00f4t en ligne!<\/span><\/strong><\/p>\n<p class=\"paragraph_style\"><span style=\"font-family: tahoma, arial, helvetica, sans-serif; font-size: 12pt;\"><strong><span style=\"color: #0d6bbd;\">\u00a0<\/span><\/strong><\/span><\/p>\n<p class=\"paragraph_style\"><span style=\"font-family: tahoma, arial, helvetica, sans-serif; font-size: 12pt;\"><strong><span style=\"color: #0d6bbd;\">\u00a0<\/span><\/strong><\/span><\/p>\n<p class=\"paragraph_style\"><span style=\"font-size: 10pt; font-family: tahoma, arial, helvetica, sans-serif;\">\u00a0<\/span><\/p>\n","protected":false},"excerpt":{"rendered":"<p>Nous vous proposons des cycles de rencontres qui permettent de reprendre du souffle, de v\u00e9rifier la pertinence, de prendre le temps de penser, de faire des exp\u00e9rimentations avec des outils concrets. Accompagner des familles, aider des enfants \u00e0 grandir, oser choisir des axes d\u2019interventions, travailler en \u00e9quipe\u2026. Rechercher l\u2019\u00e9quilibre,\u00a0 permettre le mouvement et le changement, [&hellip;]<\/p>\n","protected":false},"author":1,"featured_media":0,"parent":0,"menu_order":0,"comment_status":"closed","ping_status":"closed","template":"","meta":{"footnotes":""},"class_list":["post-18","page","type-page","status-publish","hentry"],"_links":{"self":[{"href":"https:\/\/www.espaceressources.com\/accueil\/wp-json\/wp\/v2\/pages\/18","targetHints":{"allow":["GET"]}}],"collection":[{"href":"https:\/\/www.espaceressources.com\/accueil\/wp-json\/wp\/v2\/pages"}],"about":[{"href":"https:\/\/www.espaceressources.com\/accueil\/wp-json\/wp\/v2\/types\/page"}],"author":[{"embeddable":true,"href":"https:\/\/www.espaceressources.com\/accueil\/wp-json\/wp\/v2\/users\/1"}],"replies":[{"embeddable":true,"href":"https:\/\/www.espaceressources.com\/accueil\/wp-json\/wp\/v2\/comments?post=18"}],"version-history":[{"count":16,"href":"https:\/\/www.espaceressources.com\/accueil\/wp-json\/wp\/v2\/pages\/18\/revisions"}],"predecessor-version":[{"id":557,"href":"https:\/\/www.espaceressources.com\/accueil\/wp-json\/wp\/v2\/pages\/18\/revisions\/557"}],"wp:attachment":[{"href":"https:\/\/www.espaceressources.com\/accueil\/wp-json\/wp\/v2\/media?parent=18"}],"curies":[{"name":"wp","href":"https:\/\/api.w.org\/{rel}","templated":true}]}}