{"id":13,"date":"2016-08-20T08:56:46","date_gmt":"2016-08-20T06:56:46","guid":{"rendered":"http:\/\/espaceressources.com\/?page_id=13"},"modified":"2020-06-25T17:07:34","modified_gmt":"2020-06-25T15:07:34","slug":"action-communautaire-socio-educative","status":"publish","type":"page","link":"https:\/\/www.espaceressources.com\/accueil\/action-communautaire-socio-educative\/","title":{"rendered":"Action communautaire"},"content":{"rendered":"<p class=\"paragraph_style\"><span style=\"font-size: 12pt; font-family: tahoma, arial, helvetica, sans-serif;\">Le d\u00e9veloppement durable passe par une participation \u00e0 la vie en soci\u00e9t\u00e9 dans une perspective de partage de ressources de comp\u00e9tences et d\u2019exp\u00e9riences afin de permettre \u00e0 chacun de se sentir faire partie int\u00e9grante de la soci\u00e9t\u00e9.<\/span><\/p>\n<p class=\"paragraph_style_1\"><span style=\"font-size: 12pt; font-family: tahoma, arial, helvetica, sans-serif;\">Notre exp\u00e9rience nous a permis de cr\u00e9er, d\u00e9velopper des actions communautaires en mettant lien les diff\u00e9rents acteurs de la soci\u00e9t\u00e9 (pouvoirs publics cantonaux et locaux, associations, citoyens).<\/span><\/p>\n<p class=\"paragraph_style_1\"><span style=\"font-size: 12pt; font-family: tahoma, arial, helvetica, sans-serif;\">Si le principe para\u00eet simple, les ingr\u00e9dients n\u00e9cessaires sont multiples et complexes.<\/span><\/p>\n<p class=\"paragraph_style_1\"><span style=\"font-size: 12pt; font-family: tahoma, arial, helvetica, sans-serif;\">Dans une perspective de prendre soin de chaque membre d\u2019une communaut\u00e9 afin que l\u2019ensemble de cette m\u00eame communaut\u00e9 soit respectueuse de chacun, il est n\u00e9cessaire d\u2019avoir des temps de rencontres afin de faire connaissance et de partager ce qui fait de nous des humains : nos exp\u00e9riences, nos valeurs.<\/span><\/p>\n<p class=\"paragraph_style_1\"><span style=\"font-size: 12pt; font-family: tahoma, arial, helvetica, sans-serif;\">L\u2019action communautaire a pour intention de r\u00e9unir des personnes qui ont en commun un questionnement, un contexte, une exp\u00e9rience, afin que leurs \u00e9changes permettent \u00e0 chacun, donc \u00e0 l\u2019ensemble, d\u2019augmenter ses richesses personnelles de savoir-\u00eatre.<\/span><\/p>\n<p class=\"paragraph_style_1\"><span style=\"font-size: 12pt; font-family: tahoma, arial, helvetica, sans-serif;\">Si chaque membre de la communaut\u00e9 participe \u00e0 nourrir l\u2019ensemble de la collectivit\u00e9 dont il fait partie, c\u2019est l\u2019ensemble de la communaut\u00e9 qui sera renforc\u00e9e.<\/span><\/p>\n<p class=\"paragraph_style_1\"><span style=\"font-size: 12pt;\"><strong><span style=\"font-family: tahoma, arial, helvetica, sans-serif;\">Une mise en pratique des valeurs humaines : \u00e9coute, partage, solidarit\u00e9, implication.<\/span><\/strong><\/span><\/p>\n<p class=\"paragraph_style_2\"><span style=\"font-size: 12pt; font-family: tahoma, arial, helvetica, sans-serif;\"><a href=\"http:\/\/espaceressources.com\/formation-action-communautaire\/\">Formation<\/a>&nbsp;<\/span><\/p>\n","protected":false},"excerpt":{"rendered":"<p>Le d\u00e9veloppement durable passe par une participation \u00e0 la vie en soci\u00e9t\u00e9 dans une perspective de partage de ressources de comp\u00e9tences et d\u2019exp\u00e9riences afin de permettre \u00e0 chacun de se sentir faire partie int\u00e9grante de la soci\u00e9t\u00e9. Notre exp\u00e9rience nous a permis de cr\u00e9er, d\u00e9velopper des actions communautaires en mettant lien les diff\u00e9rents acteurs de [&hellip;]<\/p>\n","protected":false},"author":1,"featured_media":0,"parent":0,"menu_order":0,"comment_status":"closed","ping_status":"closed","template":"","meta":{"footnotes":""},"class_list":["post-13","page","type-page","status-publish","hentry"],"_links":{"self":[{"href":"https:\/\/www.espaceressources.com\/accueil\/wp-json\/wp\/v2\/pages\/13","targetHints":{"allow":["GET"]}}],"collection":[{"href":"https:\/\/www.espaceressources.com\/accueil\/wp-json\/wp\/v2\/pages"}],"about":[{"href":"https:\/\/www.espaceressources.com\/accueil\/wp-json\/wp\/v2\/types\/page"}],"author":[{"embeddable":true,"href":"https:\/\/www.espaceressources.com\/accueil\/wp-json\/wp\/v2\/users\/1"}],"replies":[{"embeddable":true,"href":"https:\/\/www.espaceressources.com\/accueil\/wp-json\/wp\/v2\/comments?post=13"}],"version-history":[{"count":12,"href":"https:\/\/www.espaceressources.com\/accueil\/wp-json\/wp\/v2\/pages\/13\/revisions"}],"predecessor-version":[{"id":898,"href":"https:\/\/www.espaceressources.com\/accueil\/wp-json\/wp\/v2\/pages\/13\/revisions\/898"}],"wp:attachment":[{"href":"https:\/\/www.espaceressources.com\/accueil\/wp-json\/wp\/v2\/media?parent=13"}],"curies":[{"name":"wp","href":"https:\/\/api.w.org\/{rel}","templated":true}]}}