{"id":11,"date":"2016-08-20T08:57:17","date_gmt":"2016-08-20T06:57:17","guid":{"rendered":"http:\/\/espaceressources.com\/?page_id=11"},"modified":"2020-05-24T14:53:48","modified_gmt":"2020-05-24T12:53:48","slug":"approche-systemique","status":"publish","type":"page","link":"https:\/\/www.espaceressources.com\/accueil\/approche-systemique\/","title":{"rendered":"Intervention syst\u00e9mique socio-\u00e9ducative"},"content":{"rendered":"<div class=\"tinyText style_SkipStroke_1\"><\/div>\n<p><span style=\"font-family: tahoma, arial, helvetica, sans-serif; font-size: 12pt;\">Nous avons tous connu au moins une situation de violence.<\/span><\/p>\n<div id=\"id2\" class=\"style_SkipStroke_2 shape-with-text\">\n<p class=\"paragraph_style_1\"><span style=\"font-size: 12pt; font-family: tahoma, arial, helvetica, sans-serif;\"> Pour <img loading=\"lazy\" decoding=\"async\" class=\"alignright\" src=\"http:\/\/rikdxcy.preview.infomaniak.website\/www.espaceressources.com\/approche_systemique_files\/shapeimage_4.png\" alt=\"\" width=\"265\" height=\"265\" \/>chacun d&rsquo;entre nous, ce mot v\u00e9hicule des images, des repr\u00e9sentations diff\u00e9rentes. Pour certains, ce sont des coups, pour d&rsquo;autres des injures, ou encore la vie que l&rsquo;on m\u00e8ne.<\/span><\/p>\n<p class=\"paragraph_style_1\"><span style=\"font-size: 12pt; font-family: tahoma, arial, helvetica, sans-serif;\">Ce que l&rsquo;on peut percevoir, c&rsquo;est que lorsque il y a violence, il y a souffrance, car elles vont ensemble, elles se r\u00e9pondent, se m\u00e9langent. C&rsquo;est le d\u00e9but d&rsquo;une spirale infernale qui va \u00e0 la fois augmenter la fr\u00e9quence et la gravit\u00e9 des actes de violence, contre soi, contre un autre ou contre du mat\u00e9riel.<\/span><\/p>\n<p class=\"paragraph_style_1\"><span style=\"font-size: 12pt; font-family: tahoma, arial, helvetica, sans-serif;\">La violence n&rsquo;appartient \u00e0 personne, elle qualifie la relation. Notre exp\u00e9rience nous a prouv\u00e9 qu&rsquo;il n&rsquo;y avait aucun lieu de vie qui ne puisse \u00eatre touch\u00e9 : vie professionnelle, priv\u00e9e, sportive, familiale, intime,&#8230;.<\/span><\/p>\n<p class=\"paragraph_style_1\"><span style=\"font-size: 12pt; font-family: tahoma, arial, helvetica, sans-serif;\">Pour d\u00e9samorcer les situations de violence, il est n\u00e9cessaire de changer de perspectives, d&rsquo;oser faire diff\u00e9remment, d&rsquo;agir en retrouvant de l&rsquo;air et de la libert\u00e9.<\/span><\/p>\n<p class=\"paragraph_style_1\"><span style=\"font-size: 12pt; font-family: tahoma, arial, helvetica, sans-serif;\">Avant de vous proposer un projet d&rsquo;intervention, voici quelques questions<\/span><\/p>\n<p class=\"paragraph_style_1\"><span style=\"font-size: 12pt; font-family: tahoma, arial, helvetica, sans-serif;\">\u00a0\u00a0\u00a0\u00a0\u00a0\u00a0\u00a0\u00a0 \u2605\u00a0\u00a0\u00a0\u00a0\u00a0 y a-t-il une urgence ? si oui, laquelle<\/span><\/p>\n<p class=\"paragraph_style_1\"><span style=\"font-size: 12pt; font-family: tahoma, arial, helvetica, sans-serif;\">\u00a0\u00a0\u00a0\u00a0\u00a0\u00a0\u00a0\u00a0 \u2605\u00a0\u00a0\u00a0\u00a0\u00a0\u00a0\u00a0 la\/les situations de violence est-elle\/sont-elles r\u00e9p\u00e9titives\u00a0 ou plut\u00f4t un \u00e9v\u00e9nement unique ?<\/span><\/p>\n<p class=\"paragraph_style_1\"><span style=\"font-size: 12pt; font-family: tahoma, arial, helvetica, sans-serif;\"><span class=\"Puce\">\u00a0 \u00a0 \u00a0 \u00a0 \u00a0\u2605<\/span>\u00a0\u00a0\u00a0\u00a0\u00a0 ai-je envie de changement ? r\u00e9ellement ? suis-je pr\u00eat \u00e0 mettre du \u00a0 temps, de l&rsquo;\u00e9nergie<\/span><\/p>\n<p class=\"paragraph_style_1\"><span style=\"font-size: 12pt; font-family: tahoma, arial, helvetica, sans-serif;\">Ces questions sont importantes, car l&rsquo;implication de chacun va \u00eatre sollicit\u00e9e &#8211; la v\u00f4tre comme la n\u00f4tre.<\/span><\/p>\n<p class=\"paragraph_style_1\">\n<\/div>\n<div id=\"id13\" class=\"style_SkipStroke_2 shape-with-text\"><\/div>\n","protected":false},"excerpt":{"rendered":"<p>Nous avons tous connu au moins une situation de violence. Pour chacun d&rsquo;entre nous, ce mot v\u00e9hicule des images, des repr\u00e9sentations diff\u00e9rentes. Pour certains, ce sont des coups, pour d&rsquo;autres des injures, ou encore la vie que l&rsquo;on m\u00e8ne. Ce que l&rsquo;on peut percevoir, c&rsquo;est que lorsque il y a violence, il y a souffrance, [&hellip;]<\/p>\n","protected":false},"author":1,"featured_media":0,"parent":0,"menu_order":0,"comment_status":"closed","ping_status":"closed","template":"","meta":{"footnotes":""},"class_list":["post-11","page","type-page","status-publish","hentry"],"_links":{"self":[{"href":"https:\/\/www.espaceressources.com\/accueil\/wp-json\/wp\/v2\/pages\/11","targetHints":{"allow":["GET"]}}],"collection":[{"href":"https:\/\/www.espaceressources.com\/accueil\/wp-json\/wp\/v2\/pages"}],"about":[{"href":"https:\/\/www.espaceressources.com\/accueil\/wp-json\/wp\/v2\/types\/page"}],"author":[{"embeddable":true,"href":"https:\/\/www.espaceressources.com\/accueil\/wp-json\/wp\/v2\/users\/1"}],"replies":[{"embeddable":true,"href":"https:\/\/www.espaceressources.com\/accueil\/wp-json\/wp\/v2\/comments?post=11"}],"version-history":[{"count":12,"href":"https:\/\/www.espaceressources.com\/accueil\/wp-json\/wp\/v2\/pages\/11\/revisions"}],"predecessor-version":[{"id":411,"href":"https:\/\/www.espaceressources.com\/accueil\/wp-json\/wp\/v2\/pages\/11\/revisions\/411"}],"wp:attachment":[{"href":"https:\/\/www.espaceressources.com\/accueil\/wp-json\/wp\/v2\/media?parent=11"}],"curies":[{"name":"wp","href":"https:\/\/api.w.org\/{rel}","templated":true}]}}